{"id":10506,"date":"2025-02-23T03:30:42","date_gmt":"2025-02-23T02:30:42","guid":{"rendered":"https:\/\/www.herolab.de\/?post_type=product&#038;p=10506"},"modified":"2025-04-29T21:16:28","modified_gmt":"2025-04-29T19:16:28","slug":"uv-accessories-optimal-additions-for-uv-equipment-from-herolab","status":"publish","type":"product","link":"https:\/\/www.herolab.de\/en\/product\/uv-accessories-optimal-additions-for-uv-equipment-from-herolab\/","title":{"rendered":"UV Accessories"},"content":{"rendered":"<p class=\"p1\"><b>UV Accessories for Safe and Efficient Applications<\/b><b><\/b><\/p>\n<p class=\"p3\"><strong>UV accessories<\/strong> from Herolab include a wide range of protective and replacement parts to ensure the safe and effective use of UV equipment. From safety glasses to replacement tubes for transilluminators and UV analysis lamps \u2013 our accessories offer optimal additions for your UV applications.<\/p>\n<p class=\"p4\"><b>Available Products:<\/b><b><\/b><\/p>\n<p class=\"p3\">\u2714 <span class=\"s1\"><b>UV safety glasses<\/b><\/span> \u2013 Protection from harmful UV radiation for safe laboratory work<br \/>\n\u2714 <span class=\"s1\"><b>Orange safety glasses<\/b><\/span> \u2013 Specifically designed for blue light transilluminators to enhance visibility of fluorescent samples<br \/>\n\u2714 <span class=\"s1\"><b>UV replacement tubes for transilluminators<\/b><\/span> \u2013 Replaceable tubes for long-lasting, reliable performance<br \/>\n\u2714 <span class=\"s1\"><b>UV replacement tubes for UV analysis lamps<\/b><\/span> \u2013 Replacement lamps for consistently high light quality<\/p>\n<p class=\"p4\"><b>Download technical details as PDF:<\/b><b><\/b><\/p>\n<p><strong><a href=\"https:\/\/www.herolab.de\/wp-content\/uploads\/2025\/03\/UV-Accessories-EN.pdf\" aria-label=\"\u201cUV \u2013 Accessories \u2013 EN\u201d (Edit)\">UV \u2013 Accessories \u2013 EN<\/a><\/strong><\/p>\n","protected":false},"excerpt":{"rendered":"<div class=\"wp-block-uagb-advanced-heading uagb-block-6a01482b\">\n<div class=\"wp-block-uagb-advanced-heading uagb-block-536dc54a\">\n<div class=\"wp-block-uagb-advanced-heading uagb-block-6a01482b\">\n<p class=\"p1\"><strong>UV Accessories<\/strong><\/p>\n<p class=\"p1\">\u2714 UV safety glasses for safe handling of UV radiation<br \/>\n\u2714 Orange safety glasses for blue light transilluminators<br \/>\n\u2714 Replacement tubes for transilluminators and UV analysis lamps<br \/>\n\u2714 High-quality materials for maximum safety and durability<\/p>\n<div class=\"wp-block-uagb-container uagb-block-25a71b12\">\n<div class=\"wp-block-uagb-buttons uagb-buttons__outer-wrap uagb-btn__default-btn uagb-btn-tablet__default-btn uagb-btn-mobile__default-btn uagb-block-d668e587\">\n<div class=\"uagb-buttons__wrap uagb-buttons-layout-wrap \">\n<div class=\"wp-block-uagb-buttons-child uagb-buttons__outer-wrap uagb-block-9ee6208e wp-block-button\">\n<div class=\"uagb-button__wrapper\">\n<div class=\"wp-block-uagb-advanced-heading uagb-block-6a6a0d10\">\n<h4 class=\"uagb-heading-text\"><strong>Contact us!<\/strong><\/h4>\n<\/div>\n<p><!-- \/wp:uagb\/advanced-heading --><!-- wp:uagb\/advanced-heading {\"block_id\":\"148c6473\",\"classMigrate\":true,\"blockBackground\":\"\",\"headingDescToggle\":false,\"headingColor\":\"\",\"headingTag\":\"p\"} --><\/p>\n<div class=\"wp-block-uagb-advanced-heading uagb-block-148c6473\">\n<p class=\"uagb-heading-text\"><strong>General inquiries, quotes or orders:<\/strong><\/p>\n<p class=\"uagb-heading-text\"><span style=\"font-size: 16px;\">Phone: +49-(0)6222-5802-0<br \/>\n<\/span><span style=\"font-size: 16px;\">Fax: +49-(0)6222-5802-34<br \/>\n<\/span><span style=\"font-size: 16px;\">Email: info [ at ] herolab.de<\/span><\/p>\n<\/div>\n<p><!-- \/wp:list --><!-- wp:uagb\/advanced-heading {\"block_id\":\"e818c9d1\",\"classMigrate\":true,\"blockBackground\":\"\",\"headingDescToggle\":false,\"headingColor\":\"\",\"headingTag\":\"p\"} --><\/p>\n<div class=\"wp-block-uagb-advanced-heading uagb-block-e818c9d1\">\n<p class=\"uagb-heading-text\"><strong>Technical customer service:<\/strong><\/p>\n<p class=\"uagb-heading-text\"><span style=\"font-size: 16px;\">Phone: +49-(0)6222-5802-13<br \/>\n<\/span><span style=\"font-size: 16px;\">Email: service [ at ]\u00a0herolab.de<\/span><\/p>\n<\/div>\n<p><!-- \/wp:list --><!-- wp:uagb\/container {\"block_id\":\"25a71b12\",\"topPaddingDesktop\":0,\"bottomPaddingDesktop\":0,\"leftPaddingDesktop\":0,\"rightPaddingDesktop\":0,\"paddingLink\":false} --><\/p>\n<div class=\"wp-block-uagb-container uagb-block-25a71b12\">\n<p><!-- wp:uagb\/buttons {\"block_id\":\"d668e587\",\"classMigrate\":true,\"childMigrate\":true,\"align\":\"left\"} --><\/p>\n<div class=\"wp-block-uagb-buttons uagb-buttons__outer-wrap uagb-btn__default-btn uagb-btn-tablet__default-btn uagb-btn-mobile__default-btn uagb-block-d668e587\">\n<div class=\"uagb-buttons__wrap uagb-buttons-layout-wrap \">\n<p><!-- wp:uagb\/buttons-child {\"block_id\":\"9ee6208e\",\"fontWeight\":\"600\",\"label\":\"Contact\",\"link\":\"mailto:info@herolab.de\",\"size\":20,\"background\":\"#da3832\",\"hColor\":\"\",\"hBackground\":\"#ff0000\",\"btnBorderTopWidth\":1,\"btnBorderLeftWidth\":1,\"btnBorderRightWidth\":1,\"btnBorderBottomWidth\":1,\"btnBorderStyle\":\"none\",\"btnBorderColor\":\"#333\",\"btnBorderHColor\":\"#333\"} --><\/p>\n<div class=\"wp-block-uagb-buttons-child uagb-buttons__outer-wrap uagb-block-9ee6208e wp-block-button\">\n<div class=\"uagb-button__wrapper\">\n<h4 class=\"uagb-button__link\"><strong><a href=\"mailto:info@herolab.de\">Contact<\/a><\/strong><\/h4>\n<\/div>\n<\/div>\n<\/div>\n<\/div>\n<\/div>\n<\/div>\n<\/div>\n<\/div>\n<\/div>\n<\/div>\n<\/div>\n<\/div>\n<\/div>\n","protected":false},"featured_media":9657,"template":"","meta":{"_uag_custom_page_level_css":"","site-sidebar-layout":"default","site-content-layout":"","ast-site-content-layout":"default","site-content-style":"default","site-sidebar-style":"default","ast-global-header-display":"","ast-banner-title-visibility":"","ast-main-header-display":"","ast-hfb-above-header-display":"","ast-hfb-below-header-display":"","ast-hfb-mobile-header-display":"","site-post-title":"","ast-breadcrumbs-content":"","ast-featured-img":"","footer-sml-layout":"","theme-transparent-header-meta":"default","adv-header-id-meta":"","stick-header-meta":"default","header-above-stick-meta":"","header-main-stick-meta":"","header-below-stick-meta":"","astra-migrate-meta-layouts":"set","ast-page-background-enabled":"default","ast-page-background-meta":{"desktop":{"background-color":"var(--ast-global-color-4)","background-image":"","background-repeat":"repeat","background-position":"center center","background-size":"auto","background-attachment":"scroll","background-type":"","background-media":"","overlay-type":"","overlay-color":"","overlay-opacity":"","overlay-gradient":""},"tablet":{"background-color":"","background-image":"","background-repeat":"repeat","background-position":"center center","background-size":"auto","background-attachment":"scroll","background-type":"","background-media":"","overlay-type":"","overlay-color":"","overlay-opacity":"","overlay-gradient":""},"mobile":{"background-color":"","background-image":"","background-repeat":"repeat","background-position":"center center","background-size":"auto","background-attachment":"scroll","background-type":"","background-media":"","overlay-type":"","overlay-color":"","overlay-opacity":"","overlay-gradient":""}},"ast-content-background-meta":{"desktop":{"background-color":"var(--ast-global-color-5)","background-image":"","background-repeat":"repeat","background-position":"center center","background-size":"auto","background-attachment":"scroll","background-type":"","background-media":"","overlay-type":"","overlay-color":"","overlay-opacity":"","overlay-gradient":""},"tablet":{"background-color":"var(--ast-global-color-5)","background-image":"","background-repeat":"repeat","background-position":"center center","background-size":"auto","background-attachment":"scroll","background-type":"","background-media":"","overlay-type":"","overlay-color":"","overlay-opacity":"","overlay-gradient":""},"mobile":{"background-color":"var(--ast-global-color-5)","background-image":"","background-repeat":"repeat","background-position":"center center","background-size":"auto","background-attachment":"scroll","background-type":"","background-media":"","overlay-type":"","overlay-color":"","overlay-opacity":"","overlay-gradient":""}},"_kadence_starter_templates_imported_post":false},"product_brand":[],"product_cat":[280],"product_tag":[298,299,267,301,302,300,303,304,305,306,307,308],"class_list":{"0":"post-10506","1":"product","2":"type-product","3":"status-publish","4":"has-post-thumbnail","6":"product_cat-uv-products","7":"product_tag-buy-laboratory-uv-handheld-lamp-en","8":"product_tag-buy-uv-analysis-lamp-en","9":"product_tag-herolab-en","10":"product_tag-high-performance-uv-devices-laboratory-en","11":"product_tag-ozone-free-uv-c-lamp-buy-en","12":"product_tag-replacement-tube-uv-lamp-laboratory-en","13":"product_tag-uv-fluorescence-lamp-laboratory-en","14":"product_tag-uv-inspection-lamps-quality-control-en","15":"product_tag-uv-safety-glasses-laboratory-en","16":"product_tag-uv-transilluminator-gel-electrophoresis-en","17":"product_tag-uv-c-air-disinfection-laboratory-en","18":"product_tag-uv-c-sterilization-lamp-laboratory-en","19":"pa_besonderheiten-high-resistance-to-uv-radiation-optimal-fit-for-laboratory-applications","20":"pa_ersatzroehren-uv-tubes-for-transilluminators-uv-tubes-for-analysis-lamps","21":"pa_kompatibilitaet-compatible-with-all-common-rotors-and-adapters-from-major-centrifuge-manufacturers","22":"pa_material-high-quality-plastics-and-coated-glass-for-long-lasting-protection","23":"pa_produkttyp-uv-safety-glasses-replacement-tubes-accessories-for-transilluminators-and-analysis-lamps","24":"pa_schutzfunktion-protection-against-uv-and-blue-light-radiation","25":"pa_uv-schutzbrillen-standard-uv-protection-orange-safety-glasses-for-blue-light-transilluminators","26":"pa_verfuegbarkeit-various-versions-depending-on-model-and-application","27":"pa_zubehoer-spare-parts-and-extensions-for-uv-devices","28":"desktop-align-left","29":"tablet-align-left","30":"mobile-align-left","32":"first","33":"instock","34":"shipping-taxable","35":"product-type-simple"},"yoast_head":"<!-- This site is optimized with the Yoast SEO plugin v27.4 - https:\/\/yoast.com\/product\/yoast-seo-wordpress\/ -->\n<title>UV Accessories - Herolab \u2013 High-Speed-Zentrifugen &amp; UV-Technologie<\/title>\n<meta name=\"description\" content=\"UV accessories from Herolab include practical additions for UV lamps and UV transilluminators to improve efficiency and safety in the laboratory.\" \/>\n<meta name=\"robots\" content=\"index, follow, max-snippet:-1, max-image-preview:large, max-video-preview:-1\" \/>\n<link rel=\"canonical\" href=\"https:\/\/www.herolab.de\/en\/product\/uv-accessories-optimal-additions-for-uv-equipment-from-herolab\/\" \/>\n<meta property=\"og:locale\" content=\"en_US\" \/>\n<meta property=\"og:type\" content=\"article\" \/>\n<meta property=\"og:title\" content=\"UV Accessories - Herolab \u2013 High-Speed-Zentrifugen &amp; UV-Technologie\" \/>\n<meta property=\"og:description\" content=\"UV accessories from Herolab include practical additions for UV lamps and UV transilluminators to improve efficiency and safety in the laboratory.\" \/>\n<meta property=\"og:url\" content=\"https:\/\/www.herolab.de\/en\/product\/uv-accessories-optimal-additions-for-uv-equipment-from-herolab\/\" \/>\n<meta property=\"og:site_name\" content=\"Herolab \u2013 High-Speed-Zentrifugen &amp; UV-Technologie\" \/>\n<meta property=\"article:modified_time\" content=\"2025-04-29T19:16:28+00:00\" \/>\n<meta property=\"og:image\" content=\"https:\/\/www.herolab.de\/wp-content\/uploads\/2025\/02\/UV-Brille.webp\" \/>\n\t<meta property=\"og:image:width\" content=\"1000\" \/>\n\t<meta property=\"og:image:height\" content=\"1000\" \/>\n\t<meta property=\"og:image:type\" content=\"image\/webp\" \/>\n<meta name=\"twitter:card\" content=\"summary_large_image\" \/>\n<meta name=\"twitter:label1\" content=\"Est. reading time\" \/>\n\t<meta name=\"twitter:data1\" content=\"1 minute\" \/>\n<script type=\"application\/ld+json\" class=\"yoast-schema-graph\">{\"@context\":\"https:\\\/\\\/schema.org\",\"@graph\":[{\"@type\":\"WebPage\",\"@id\":\"https:\\\/\\\/www.herolab.de\\\/en\\\/product\\\/uv-accessories-optimal-additions-for-uv-equipment-from-herolab\\\/\",\"url\":\"https:\\\/\\\/www.herolab.de\\\/en\\\/product\\\/uv-accessories-optimal-additions-for-uv-equipment-from-herolab\\\/\",\"name\":\"UV Accessories - Herolab \u2013 High-Speed-Zentrifugen &amp; UV-Technologie\",\"isPartOf\":{\"@id\":\"https:\\\/\\\/www.herolab.de\\\/en\\\/#website\"},\"primaryImageOfPage\":{\"@id\":\"https:\\\/\\\/www.herolab.de\\\/en\\\/product\\\/uv-accessories-optimal-additions-for-uv-equipment-from-herolab\\\/#primaryimage\"},\"image\":{\"@id\":\"https:\\\/\\\/www.herolab.de\\\/en\\\/product\\\/uv-accessories-optimal-additions-for-uv-equipment-from-herolab\\\/#primaryimage\"},\"thumbnailUrl\":\"https:\\\/\\\/www.herolab.de\\\/wp-content\\\/uploads\\\/2025\\\/02\\\/UV-Brille.webp\",\"datePublished\":\"2025-02-23T02:30:42+00:00\",\"dateModified\":\"2025-04-29T19:16:28+00:00\",\"description\":\"UV accessories from Herolab include practical additions for UV lamps and UV transilluminators to improve efficiency and safety in the laboratory.\",\"breadcrumb\":{\"@id\":\"https:\\\/\\\/www.herolab.de\\\/en\\\/product\\\/uv-accessories-optimal-additions-for-uv-equipment-from-herolab\\\/#breadcrumb\"},\"inLanguage\":\"en-US\",\"potentialAction\":[{\"@type\":\"ReadAction\",\"target\":[\"https:\\\/\\\/www.herolab.de\\\/en\\\/product\\\/uv-accessories-optimal-additions-for-uv-equipment-from-herolab\\\/\"]}]},{\"@type\":\"ImageObject\",\"inLanguage\":\"en-US\",\"@id\":\"https:\\\/\\\/www.herolab.de\\\/en\\\/product\\\/uv-accessories-optimal-additions-for-uv-equipment-from-herolab\\\/#primaryimage\",\"url\":\"https:\\\/\\\/www.herolab.de\\\/wp-content\\\/uploads\\\/2025\\\/02\\\/UV-Brille.webp\",\"contentUrl\":\"https:\\\/\\\/www.herolab.de\\\/wp-content\\\/uploads\\\/2025\\\/02\\\/UV-Brille.webp\",\"width\":1000,\"height\":1000,\"caption\":\"UV-Zubeh\u00f6r \u2013 Erg\u00e4nzendes Zubeh\u00f6r f\u00fcr UV-Transilluminatoren und UV-Lampen\"},{\"@type\":\"BreadcrumbList\",\"@id\":\"https:\\\/\\\/www.herolab.de\\\/en\\\/product\\\/uv-accessories-optimal-additions-for-uv-equipment-from-herolab\\\/#breadcrumb\",\"itemListElement\":[{\"@type\":\"ListItem\",\"position\":1,\"name\":\"Startseite\",\"item\":\"https:\\\/\\\/www.herolab.de\\\/en\\\/\"},{\"@type\":\"ListItem\",\"position\":2,\"name\":\"Shop\",\"item\":\"https:\\\/\\\/www.herolab.de\\\/shop\\\/\"},{\"@type\":\"ListItem\",\"position\":3,\"name\":\"UV Accessories\"}]},{\"@type\":\"WebSite\",\"@id\":\"https:\\\/\\\/www.herolab.de\\\/en\\\/#website\",\"url\":\"https:\\\/\\\/www.herolab.de\\\/en\\\/\",\"name\":\"Herolab \u2013 High-Speed-Zentrifugen & UV-Technologie\",\"description\":\"Laborzentrifugen, R\u00f6hrchen &amp; UV-Technologie f\u00fcr Forschung &amp; Industrie\",\"publisher\":{\"@id\":\"https:\\\/\\\/www.herolab.de\\\/en\\\/#organization\"},\"potentialAction\":[{\"@type\":\"SearchAction\",\"target\":{\"@type\":\"EntryPoint\",\"urlTemplate\":\"https:\\\/\\\/www.herolab.de\\\/en\\\/?s={search_term_string}\"},\"query-input\":{\"@type\":\"PropertyValueSpecification\",\"valueRequired\":true,\"valueName\":\"search_term_string\"}}],\"inLanguage\":\"en-US\"},{\"@type\":\"Organization\",\"@id\":\"https:\\\/\\\/www.herolab.de\\\/en\\\/#organization\",\"name\":\"Herolab \u2013 High-Speed-Zentrifugen & UV-Technologie\",\"alternateName\":\"Herolab\",\"url\":\"https:\\\/\\\/www.herolab.de\\\/en\\\/\",\"logo\":{\"@type\":\"ImageObject\",\"inLanguage\":\"en-US\",\"@id\":\"https:\\\/\\\/www.herolab.de\\\/en\\\/#\\\/schema\\\/logo\\\/image\\\/\",\"url\":\"https:\\\/\\\/www.herolab.de\\\/wp-content\\\/uploads\\\/2025\\\/02\\\/cropped-Herolab_LOGO_AKTUELL.png\",\"contentUrl\":\"https:\\\/\\\/www.herolab.de\\\/wp-content\\\/uploads\\\/2025\\\/02\\\/cropped-Herolab_LOGO_AKTUELL.png\",\"width\":377,\"height\":145,\"caption\":\"Herolab \u2013 High-Speed-Zentrifugen & UV-Technologie\"},\"image\":{\"@id\":\"https:\\\/\\\/www.herolab.de\\\/en\\\/#\\\/schema\\\/logo\\\/image\\\/\"}}]}<\/script>\n<!-- \/ Yoast SEO plugin. -->","yoast_head_json":{"title":"UV Accessories - Herolab \u2013 High-Speed-Zentrifugen &amp; UV-Technologie","description":"UV accessories from Herolab include practical additions for UV lamps and UV transilluminators to improve efficiency and safety in the laboratory.","robots":{"index":"index","follow":"follow","max-snippet":"max-snippet:-1","max-image-preview":"max-image-preview:large","max-video-preview":"max-video-preview:-1"},"canonical":"https:\/\/www.herolab.de\/en\/product\/uv-accessories-optimal-additions-for-uv-equipment-from-herolab\/","og_locale":"en_US","og_type":"article","og_title":"UV Accessories - Herolab \u2013 High-Speed-Zentrifugen &amp; UV-Technologie","og_description":"UV accessories from Herolab include practical additions for UV lamps and UV transilluminators to improve efficiency and safety in the laboratory.","og_url":"https:\/\/www.herolab.de\/en\/product\/uv-accessories-optimal-additions-for-uv-equipment-from-herolab\/","og_site_name":"Herolab \u2013 High-Speed-Zentrifugen &amp; UV-Technologie","article_modified_time":"2025-04-29T19:16:28+00:00","og_image":[{"width":1000,"height":1000,"url":"https:\/\/www.herolab.de\/wp-content\/uploads\/2025\/02\/UV-Brille.webp","type":"image\/webp"}],"twitter_card":"summary_large_image","twitter_misc":{"Est. reading time":"1 minute"},"schema":{"@context":"https:\/\/schema.org","@graph":[{"@type":"WebPage","@id":"https:\/\/www.herolab.de\/en\/product\/uv-accessories-optimal-additions-for-uv-equipment-from-herolab\/","url":"https:\/\/www.herolab.de\/en\/product\/uv-accessories-optimal-additions-for-uv-equipment-from-herolab\/","name":"UV Accessories - Herolab \u2013 High-Speed-Zentrifugen &amp; UV-Technologie","isPartOf":{"@id":"https:\/\/www.herolab.de\/en\/#website"},"primaryImageOfPage":{"@id":"https:\/\/www.herolab.de\/en\/product\/uv-accessories-optimal-additions-for-uv-equipment-from-herolab\/#primaryimage"},"image":{"@id":"https:\/\/www.herolab.de\/en\/product\/uv-accessories-optimal-additions-for-uv-equipment-from-herolab\/#primaryimage"},"thumbnailUrl":"https:\/\/www.herolab.de\/wp-content\/uploads\/2025\/02\/UV-Brille.webp","datePublished":"2025-02-23T02:30:42+00:00","dateModified":"2025-04-29T19:16:28+00:00","description":"UV accessories from Herolab include practical additions for UV lamps and UV transilluminators to improve efficiency and safety in the laboratory.","breadcrumb":{"@id":"https:\/\/www.herolab.de\/en\/product\/uv-accessories-optimal-additions-for-uv-equipment-from-herolab\/#breadcrumb"},"inLanguage":"en-US","potentialAction":[{"@type":"ReadAction","target":["https:\/\/www.herolab.de\/en\/product\/uv-accessories-optimal-additions-for-uv-equipment-from-herolab\/"]}]},{"@type":"ImageObject","inLanguage":"en-US","@id":"https:\/\/www.herolab.de\/en\/product\/uv-accessories-optimal-additions-for-uv-equipment-from-herolab\/#primaryimage","url":"https:\/\/www.herolab.de\/wp-content\/uploads\/2025\/02\/UV-Brille.webp","contentUrl":"https:\/\/www.herolab.de\/wp-content\/uploads\/2025\/02\/UV-Brille.webp","width":1000,"height":1000,"caption":"UV-Zubeh\u00f6r \u2013 Erg\u00e4nzendes Zubeh\u00f6r f\u00fcr UV-Transilluminatoren und UV-Lampen"},{"@type":"BreadcrumbList","@id":"https:\/\/www.herolab.de\/en\/product\/uv-accessories-optimal-additions-for-uv-equipment-from-herolab\/#breadcrumb","itemListElement":[{"@type":"ListItem","position":1,"name":"Startseite","item":"https:\/\/www.herolab.de\/en\/"},{"@type":"ListItem","position":2,"name":"Shop","item":"https:\/\/www.herolab.de\/shop\/"},{"@type":"ListItem","position":3,"name":"UV Accessories"}]},{"@type":"WebSite","@id":"https:\/\/www.herolab.de\/en\/#website","url":"https:\/\/www.herolab.de\/en\/","name":"Herolab \u2013 High-Speed-Zentrifugen & UV-Technologie","description":"Laborzentrifugen, R\u00f6hrchen &amp; UV-Technologie f\u00fcr Forschung &amp; Industrie","publisher":{"@id":"https:\/\/www.herolab.de\/en\/#organization"},"potentialAction":[{"@type":"SearchAction","target":{"@type":"EntryPoint","urlTemplate":"https:\/\/www.herolab.de\/en\/?s={search_term_string}"},"query-input":{"@type":"PropertyValueSpecification","valueRequired":true,"valueName":"search_term_string"}}],"inLanguage":"en-US"},{"@type":"Organization","@id":"https:\/\/www.herolab.de\/en\/#organization","name":"Herolab \u2013 High-Speed-Zentrifugen & UV-Technologie","alternateName":"Herolab","url":"https:\/\/www.herolab.de\/en\/","logo":{"@type":"ImageObject","inLanguage":"en-US","@id":"https:\/\/www.herolab.de\/en\/#\/schema\/logo\/image\/","url":"https:\/\/www.herolab.de\/wp-content\/uploads\/2025\/02\/cropped-Herolab_LOGO_AKTUELL.png","contentUrl":"https:\/\/www.herolab.de\/wp-content\/uploads\/2025\/02\/cropped-Herolab_LOGO_AKTUELL.png","width":377,"height":145,"caption":"Herolab \u2013 High-Speed-Zentrifugen & UV-Technologie"},"image":{"@id":"https:\/\/www.herolab.de\/en\/#\/schema\/logo\/image\/"}}]}},"spectra_custom_meta":{"_edit_lock":["1745954078:8"],"_edit_last":["8"],"_wpml_media_has_media":["1"],"_backorders":["no"],"_download_limit":["-1"],"_download_expiry":["-1"],"_downloadable":["no"],"_manage_stock":["no"],"_stock_status":["instock"],"_sold_individually":["no"],"_tax_class":[""],"_tax_status":["taxable"],"_virtual":["no"],"total_sales":["0"],"stick-header-meta":["default"],"site-sidebar-layout":["default"],"theme-transparent-header-meta":["default"],"ast-site-content-layout":["default"],"site-content-style":["default"],"site-sidebar-style":["default"],"_alp_processed":["1745954188"],"_last_translation_edit_mode":["native-editor"],"_wpml_word_count":["225"],"_downloadable_files":[""],"_default_attributes":["a:0:{}"],"_wpml_media_duplicate":["1"],"_wpml_media_featured":["1"],"_upsell_ids":["a:0:{}"],"_crosssell_ids":["a:0:{}"],"_children":["a:0:{}"],"_wp_page_template":["default"],"_wcml_average_rating":[null],"_wcml_review_count":[null],"_wcml_rating_count":[null],"_stock":[null],"_wc_average_rating":[0],"_wc_review_count":["0"],"_product_version":["9.8.2"],"astra-migrate-meta-layouts":["set"],"_thumbnail_id":["9657"],"_yoast_wpseo_primary_product_brand":[""],"_product_attributes":["a:9:{s:13:\"pa_produkttyp\";a:6:{s:4:\"name\";s:13:\"pa_produkttyp\";s:5:\"value\";s:0:\"\";s:8:\"position\";i:1;s:10:\"is_visible\";i:1;s:12:\"is_variation\";i:0;s:11:\"is_taxonomy\";i:1;}s:17:\"pa_schutzfunktion\";a:6:{s:4:\"name\";s:17:\"pa_schutzfunktion\";s:5:\"value\";s:0:\"\";s:8:\"position\";i:2;s:10:\"is_visible\";i:1;s:12:\"is_variation\";i:0;s:11:\"is_taxonomy\";i:1;}s:18:\"pa_kompatibilitaet\";a:6:{s:4:\"name\";s:18:\"pa_kompatibilitaet\";s:5:\"value\";s:0:\"\";s:8:\"position\";i:3;s:10:\"is_visible\";i:1;s:12:\"is_variation\";i:0;s:11:\"is_taxonomy\";i:1;}s:19:\"pa_uv-schutzbrillen\";a:6:{s:4:\"name\";s:19:\"pa_uv-schutzbrillen\";s:5:\"value\";s:0:\"\";s:8:\"position\";i:4;s:10:\"is_visible\";i:1;s:12:\"is_variation\";i:0;s:11:\"is_taxonomy\";i:1;}s:16:\"pa_ersatzroehren\";a:6:{s:4:\"name\";s:16:\"pa_ersatzroehren\";s:5:\"value\";s:0:\"\";s:8:\"position\";i:5;s:10:\"is_visible\";i:1;s:12:\"is_variation\";i:0;s:11:\"is_taxonomy\";i:1;}s:11:\"pa_material\";a:6:{s:4:\"name\";s:11:\"pa_material\";s:5:\"value\";s:0:\"\";s:8:\"position\";i:6;s:10:\"is_visible\";i:1;s:12:\"is_variation\";i:0;s:11:\"is_taxonomy\";i:1;}s:17:\"pa_besonderheiten\";a:6:{s:4:\"name\";s:17:\"pa_besonderheiten\";s:5:\"value\";s:0:\"\";s:8:\"position\";i:7;s:10:\"is_visible\";i:1;s:12:\"is_variation\";i:0;s:11:\"is_taxonomy\";i:1;}s:11:\"pa_zubehoer\";a:6:{s:4:\"name\";s:11:\"pa_zubehoer\";s:5:\"value\";s:0:\"\";s:8:\"position\";i:8;s:10:\"is_visible\";i:1;s:12:\"is_variation\";i:0;s:11:\"is_taxonomy\";i:1;}s:17:\"pa_verfuegbarkeit\";a:6:{s:4:\"name\";s:17:\"pa_verfuegbarkeit\";s:5:\"value\";s:0:\"\";s:8:\"position\";i:9;s:10:\"is_visible\";i:1;s:12:\"is_variation\";i:0;s:11:\"is_taxonomy\";i:1;}}"],"_product_image_gallery":["9658"],"_yoast_wpseo_focuskw":["UV Accessories \u2013 Practical Add-ons for UV Equipment"],"_yoast_wpseo_metadesc":["UV accessories from Herolab include practical additions for UV lamps and UV transilluminators to improve efficiency and safety in the laboratory."],"_yoast_wpseo_linkdex":["41"],"_yoast_wpseo_content_score":["90"],"_yoast_wpseo_estimated-reading-time-minutes":["1"],"_yoast_wpseo_primary_product_cat":["74"],"_uag_css_file_name":["uag-css-10506.css"],"_wc_rating_count":[""]},"uagb_featured_image_src":{"full":["https:\/\/www.herolab.de\/wp-content\/uploads\/2025\/02\/UV-Brille.webp",1000,1000,false],"thumbnail":["https:\/\/www.herolab.de\/wp-content\/uploads\/2025\/02\/UV-Brille-150x150.webp",150,150,true],"medium":["https:\/\/www.herolab.de\/wp-content\/uploads\/2025\/02\/UV-Brille-300x300.webp",300,300,true],"medium_large":["https:\/\/www.herolab.de\/wp-content\/uploads\/2025\/02\/UV-Brille-768x768.webp",768,768,true],"large":["https:\/\/www.herolab.de\/wp-content\/uploads\/2025\/02\/UV-Brille.webp",1000,1000,false],"1536x1536":["https:\/\/www.herolab.de\/wp-content\/uploads\/2025\/02\/UV-Brille.webp",1000,1000,false],"2048x2048":["https:\/\/www.herolab.de\/wp-content\/uploads\/2025\/02\/UV-Brille.webp",1000,1000,false],"woocommerce_thumbnail":["https:\/\/www.herolab.de\/wp-content\/uploads\/2025\/02\/UV-Brille-400x400.webp",400,400,true],"woocommerce_single":["https:\/\/www.herolab.de\/wp-content\/uploads\/2025\/02\/UV-Brille-800x800.webp",800,800,true],"woocommerce_gallery_thumbnail":["https:\/\/www.herolab.de\/wp-content\/uploads\/2025\/02\/UV-Brille-100x100.webp",100,100,true]},"uagb_author_info":{"display_name":"Frau Sun","author_link":"https:\/\/www.herolab.de\/en\/author\/"},"uagb_comment_info":0,"uagb_excerpt":"UV Accessories \u2714 UV safety glasses for safe handling of UV radiation \u2714 Orange safety glasses for blue light transilluminators \u2714 Replacement tubes for transilluminators and UV analysis lamps \u2714 High-quality materials for maximum safety and durability Contact us! General inquiries, quotes or orders: Phone: +49-(0)6222-5802-0 Fax: +49-(0)6222-5802-34 Email: info [ at ] herolab.de Technical&hellip;","_links":{"self":[{"href":"https:\/\/www.herolab.de\/en\/wp-json\/wp\/v2\/product\/10506","targetHints":{"allow":["GET"]}}],"collection":[{"href":"https:\/\/www.herolab.de\/en\/wp-json\/wp\/v2\/product"}],"about":[{"href":"https:\/\/www.herolab.de\/en\/wp-json\/wp\/v2\/types\/product"}],"version-history":[{"count":1,"href":"https:\/\/www.herolab.de\/en\/wp-json\/wp\/v2\/product\/10506\/revisions"}],"predecessor-version":[{"id":10508,"href":"https:\/\/www.herolab.de\/en\/wp-json\/wp\/v2\/product\/10506\/revisions\/10508"}],"wp:featuredmedia":[{"embeddable":true,"href":"https:\/\/www.herolab.de\/en\/wp-json\/wp\/v2\/media\/9657"}],"wp:attachment":[{"href":"https:\/\/www.herolab.de\/en\/wp-json\/wp\/v2\/media?parent=10506"}],"wp:term":[{"taxonomy":"product_brand","embeddable":true,"href":"https:\/\/www.herolab.de\/en\/wp-json\/wp\/v2\/product_brand?post=10506"},{"taxonomy":"product_cat","embeddable":true,"href":"https:\/\/www.herolab.de\/en\/wp-json\/wp\/v2\/product_cat?post=10506"},{"taxonomy":"product_tag","embeddable":true,"href":"https:\/\/www.herolab.de\/en\/wp-json\/wp\/v2\/product_tag?post=10506"}],"curies":[{"name":"wp","href":"https:\/\/api.w.org\/{rel}","templated":true}]}}